{"id":1937,"date":"2025-11-17T08:17:08","date_gmt":"2025-11-17T08:17:08","guid":{"rendered":"https:\/\/newpex.org\/?post_type=product&#038;p=1937"},"modified":"2025-12-09T12:35:48","modified_gmt":"2025-12-09T12:35:48","slug":"teknopoliderz-1k-sausage-grey-2","status":"publish","type":"product","link":"https:\/\/newpex.org\/en\/product\/teknopoliderz-1k-sausage-grey-2\/","title":{"rendered":"Teknopoliderz 1K Sausage (Grey)"},"content":{"rendered":"<h1><strong>TEKNOPOLIDERZ 1K<\/strong><\/h1>\n<p>___________________________________________________________________________________________________________________________________<\/p>\n<p><span style=\"font-weight: 400;\">\u10de\u10dd\u10da\u10d8\u10e3\u10e0\u10d4\u10d7\u10d0\u10dc\u10d8\u10e1<\/span> <span style=\"font-weight: 400;\">\u10d1\u10d0\u10d6\u10d0\u10d6\u10d4<\/span> <span style=\"font-weight: 400;\">\u10d3\u10d0\u10db\u10d6\u10d0\u10d3\u10d4\u10d1\u10e3\u10da\u10d8<\/span> <span style=\"font-weight: 400;\">\u10d4\u10e0\u10d7\u10d9\u10dd\u10db\u10de\u10dd\u10dc\u10d4\u10dc\u10e2\u10d8\u10d0\u10dc\u10d8<\/span> <span style=\"font-weight: 400;\">\u10e8\u10dd\u10d5\u10d4\u10d1\u10d8\u10e1<\/span> <span style=\"font-weight: 400;\">\u10e8\u10d4\u10db\u10d0\u10d5\u10e1\u10d4\u10d1\u10d4\u10da\u10d8<\/span> <span style=\"font-weight: 400;\">\u10db\u10d0\u10e1\u10e2\u10d8<\/span><span style=\"font-weight: 400;\">, <\/span><span style=\"font-weight: 400;\">\u10f0\u10d4\u10e0\u10db\u10d4\u10e2\u10d8\u10d9\u10d8<\/span><\/p>\n<h4><b>\u10d6\u10dd\u10d2\u10d0\u10d3\u10d8<\/b> <b>\u10d8\u10dc\u10e4\u10dd\u10e0\u10db\u10d0\u10ea\u10d8\u10d0<\/b><\/h4>\n<table>\n<tbody>\n<tr>\n<td><span style=\"font-weight: 400;\">\u10de\u10d0\u10e0\u10d0\u10db\u10d4\u10e2\u10e0\u10d8<\/span><\/td>\n<td><span style=\"font-weight: 400;\">\u10db\u10dc\u10d8\u10e8\u10d5\u10dc\u10d4\u10da\u10dd\u10d1\u10d0<\/span><\/td>\n<\/tr>\n<tr>\n<td><span style=\"font-weight: 400;\">\u10e1\u10e2\u10e0\u10e3\u10e5\u10e2\u10e3\u10e0\u10d0<\/span><\/td>\n<td><span style=\"font-weight: 400;\">\u10d4\u10e0\u10d7\u10d9\u10dd\u10db\u10de\u10dd\u10dc\u10d4\u10dc\u10e2\u10d8\u10d0\u10dc\u10d8<\/span><span style=\"font-weight: 400;\">, <\/span><span style=\"font-weight: 400;\">\u10e2\u10d4\u10dc\u10d8\u10d0\u10dc\u10dd\u10d1\u10d8\u10d7<\/span> <span style=\"font-weight: 400;\">\u10d2\u10d0\u10db\u10e7\u10d0\u10e0\u10d4\u10d1\u10d0\u10d3\u10d8<\/span> <span style=\"font-weight: 400;\">\u10de\u10dd\u10da\u10d8\u10e3\u10e0\u10d4\u10d7\u10d0\u10dc\u10d8<\/span><\/td>\n<\/tr>\n<tr>\n<td><span style=\"font-weight: 400;\">\u10e4\u10d4\u10e0\u10d8<\/span><\/td>\n<td><span style=\"font-weight: 400;\">\u10dc\u10d0\u10ea\u10e0\u10d8\u10e1\u10e4\u10d4\u10e0\u10d8<\/span><span style=\"font-weight: 400;\">, <\/span><span style=\"font-weight: 400;\">\u10d7\u10d4\u10d7\u10e0\u10d8<\/span> <span style=\"font-weight: 400;\">\u10d0\u10dc<\/span> <span style=\"font-weight: 400;\">\u10e1\u10de\u10d4\u10ea\u10d8\u10d0\u10da\u10e3\u10e0\u10d8<\/span> <span style=\"font-weight: 400;\">\u10e4\u10d4\u10e0\u10d4\u10d1\u10d8<\/span><\/td>\n<\/tr>\n<tr>\n<td><span style=\"font-weight: 400;\">\u10e1\u10d8\u10db\u10d9\u10d5\u10e0\u10d8\u10d5\u10d4<\/span><\/td>\n<td><span style=\"font-weight: 400;\">1.20 \u00b1 0.03 <\/span><span style=\"font-weight: 400;\">\u10d9\u10d2<\/span><span style=\"font-weight: 400;\">\/<\/span><span style=\"font-weight: 400;\">\u10da<\/span><span style=\"font-weight: 400;\"> (DIN 53479)<\/span><\/td>\n<\/tr>\n<\/tbody>\n<\/table>\n<h4><b>\u10d3\u10d0\u10e2\u10d0\u10dc\u10d8\u10e1<\/b> <b>\u10d8\u10dc\u10e4\u10dd\u10e0\u10db\u10d0\u10ea\u10d8\u10d0<\/b><\/h4>\n<table>\n<tbody>\n<tr>\n<td><span style=\"font-weight: 400;\">\u10de\u10d0\u10e0\u10d0\u10db\u10d4\u10e2\u10e0\u10d8<\/span><\/td>\n<td><span style=\"font-weight: 400;\">\u10db\u10dc\u10d8\u10e8\u10d5\u10dc\u10d4\u10da\u10dd\u10d1\u10d0<\/span><\/td>\n<\/tr>\n<tr>\n<td><span style=\"font-weight: 400;\">\u10d0\u10de\u10da\u10d8\u10d9\u10d0\u10ea\u10d8\u10d8\u10e1<\/span> <span style=\"font-weight: 400;\">\u10e2\u10d4\u10db\u10de\u10d4\u10e0\u10d0\u10e2\u10e3\u10e0\u10d0<\/span><\/td>\n<td><span style=\"font-weight: 400;\">+5\u00b0C \u2013 +50\u00b0C<\/span><\/td>\n<\/tr>\n<tr>\n<td><span style=\"font-weight: 400;\">\u10d2\u10d0\u10db\u10e7\u10d0\u10e0\u10d4\u10d1\u10d8\u10e1<\/span> <span style=\"font-weight: 400;\">\u10e1\u10d8\u10e9\u10e5\u10d0\u10e0\u10d4<\/span><\/td>\n<td><span style=\"font-weight: 400;\">2 <\/span><span style=\"font-weight: 400;\">\u10db\u10db<\/span><span style=\"font-weight: 400;\"> \/ 24 <\/span><span style=\"font-weight: 400;\">\u10e1\u10d7<\/span><span style=\"font-weight: 400;\"> (+23\u00b0C \/ 50% <\/span><span style=\"font-weight: 400;\">\u10e4\u10d0\u10e0\u10d3\u10dd\u10d1\u10d8\u10d7\u10d8<\/span> <span style=\"font-weight: 400;\">\u10e2\u10d4\u10dc\u10d8\u10d0\u10dc\u10dd\u10d1\u10d0<\/span><span style=\"font-weight: 400;\">)<\/span><\/td>\n<\/tr>\n<tr>\n<td><span style=\"font-weight: 400;\">\u10d6\u10d4\u10d3\u10d0\u10de\u10d8\u10e0\u10d8\u10e1<\/span> <span style=\"font-weight: 400;\">\u10e5\u10d4\u10e0\u10e5\u10d8\u10e1<\/span> <span style=\"font-weight: 400;\">\u10d3\u10e0\u10dd<\/span><\/td>\n<td><span style=\"font-weight: 400;\">90 <\/span><span style=\"font-weight: 400;\">\u10ec\u10e3\u10d7\u10d8<\/span><span style=\"font-weight: 400;\"> (+23\u00b0C \/ 50% <\/span><span style=\"font-weight: 400;\">\u10e2\u10d4\u10dc\u10d8\u10d0\u10dc\u10dd\u10d1\u10d0<\/span><span style=\"font-weight: 400;\">)<\/span><\/td>\n<\/tr>\n<tr>\n<td><span style=\"font-weight: 400;\">\u10e8\u10d4\u10ee\u10d4\u10d1\u10d8\u10e1<\/span> <span style=\"font-weight: 400;\">\u10e1\u10d8\u10db\u10e8\u10e0\u10d0\u10da\u10d8\u10e1<\/span> <span style=\"font-weight: 400;\">\u10d3\u10e0\u10dd<\/span><\/td>\n<td><span style=\"font-weight: 400;\">60 <\/span><span style=\"font-weight: 400;\">\u10ec\u10e3\u10d7\u10d8<\/span><\/td>\n<\/tr>\n<tr>\n<td><span style=\"font-weight: 400;\">\u10e1\u10e0\u10e3\u10da\u10d8<\/span> <span style=\"font-weight: 400;\">\u10e1\u10d8\u10db\u10e2\u10d9\u10d8\u10ea\u10d8\u10e1<\/span> <span style=\"font-weight: 400;\">\u10d3\u10e0\u10dd<\/span><\/td>\n<td><span style=\"font-weight: 400;\">24 <\/span><span style=\"font-weight: 400;\">\u10e1\u10d0\u10d0\u10d7\u10d8<\/span><span style=\"font-weight: 400;\"> (2 <\/span><span style=\"font-weight: 400;\">\u10db\u10db<\/span> <span style=\"font-weight: 400;\">\u10e1\u10d8\u10e1\u10e5\u10d4\u10d6\u10d4<\/span><span style=\"font-weight: 400;\">)<\/span><\/td>\n<\/tr>\n<tr>\n<td><span style=\"font-weight: 400;\">\u10d9\u10dd\u10dc\u10e1\u10d8\u10e1\u10e2\u10d4\u10dc\u10ea\u10d8\u10d0<\/span><\/td>\n<td><span style=\"font-weight: 400;\">\u10e2\u10d8\u10e5\u10e1\u10dd\u10e2\u10e0\u10dd\u10de\u10e3\u10da\u10d8<\/span><span style=\"font-weight: 400;\"> (<\/span><span style=\"font-weight: 400;\">\u10d0\u10e0<\/span> <span style=\"font-weight: 400;\">\u10d3\u10d4\u10e4\u10dd\u10e0\u10db\u10d8\u10e0\u10d3\u10d4\u10d1\u10d0<\/span> <span style=\"font-weight: 400;\">\u10d2\u10d0\u10d3\u10d0\u10e2\u10d0\u10dc\u10d8\u10e1\u10d0\u10e1<\/span><span style=\"font-weight: 400;\">)<\/span><\/td>\n<\/tr>\n<\/tbody>\n<\/table>\n<h4><b>\u10db\u10d0\u10ee\u10d0\u10e1\u10d8\u10d0\u10d7\u10d4\u10d1\u10da\u10d4\u10d1\u10d8<\/b><b> \/ <\/b><b>\u10d4\u10e4\u10d4\u10e5\u10e2\u10e3\u10e0\u10dd\u10d1\u10d8\u10e1<\/b> <b>\u10db\u10dd\u10dc\u10d0\u10ea\u10d4\u10db\u10d4\u10d1\u10d8<\/b><\/h4>\n<table>\n<tbody>\n<tr>\n<td><span style=\"font-weight: 400;\">\u10de\u10d0\u10e0\u10d0\u10db\u10d4\u10e2\u10e0\u10d8<\/span><\/td>\n<td><span style=\"font-weight: 400;\">\u10db\u10dc\u10d8\u10e8\u10d5\u10dc\u10d4\u10da\u10dd\u10d1\u10d0<\/span><\/td>\n<\/tr>\n<tr>\n<td><span style=\"font-weight: 400;\">\u10d2\u10d0\u10ec\u10d4\u10da\u10d5\u10d8\u10e1<\/span> <span style=\"font-weight: 400;\">\u10e3\u10dc\u10d0\u10e0\u10d8<\/span><\/td>\n<td><span style=\"font-weight: 400;\">\u2265 600% (+23\u00b0C \/ 50% <\/span><span style=\"font-weight: 400;\">\u10e2\u10d4\u10dc\u10d8\u10d0\u10dc\u10dd\u10d1\u10d0<\/span><span style=\"font-weight: 400;\">) (ASTM D412 \/ DIN 53504)<\/span><\/td>\n<\/tr>\n<tr>\n<td><span style=\"font-weight: 400;\">\u10db\u10dd\u10eb\u10e0\u10d0\u10dd\u10d1\u10d8\u10e1<\/span> <span style=\"font-weight: 400;\">\u10d9\u10dd\u10db\u10de\u10d4\u10dc\u10e1\u10d0\u10ea\u10d8\u10d0<\/span><\/td>\n<td><span style=\"font-weight: 400;\">\u00b125% (ASTM C719)<\/span><\/td>\n<\/tr>\n<tr>\n<td><span style=\"font-weight: 400;\">\u10d2\u10d0\u10e2\u10d4\u10ee\u10d5\u10d8\u10e1<\/span> <span style=\"font-weight: 400;\">\u10ec\u10d8\u10dc\u10d0\u10d0\u10e6\u10db\u10d3\u10d4\u10d2\u10dd\u10d1\u10d0<\/span><\/td>\n<td><span style=\"font-weight: 400;\">1.5 <\/span><span style=\"font-weight: 400;\">\u10dc<\/span><span style=\"font-weight: 400;\">\/<\/span><span style=\"font-weight: 400;\">\u10db\u10db<\/span><span style=\"font-weight: 400;\"> (DIN 53515)<\/span><\/td>\n<\/tr>\n<tr>\n<td><span style=\"font-weight: 400;\">\u10e1\u10d8\u10db\u10d9\u10d5\u10e0\u10d8\u10d5\u10d4<\/span><span style=\"font-weight: 400;\"> (Shore A)<\/span><\/td>\n<td><span style=\"font-weight: 400;\">30 \u00b1 5 (DIN 53505)<\/span><\/td>\n<\/tr>\n<tr>\n<td><span style=\"font-weight: 400;\">\u10d4\u10da\u10d0\u10e1\u10e2\u10d8\u10e3\u10e0\u10dd\u10d1\u10d8\u10e1<\/span> <span style=\"font-weight: 400;\">\u10d3\u10d0\u10d1\u10e0\u10e3\u10dc\u10d4\u10d1\u10d0<\/span><\/td>\n<td><span style=\"font-weight: 400;\">&gt; 80% (+23\u00b0C \/ 50% <\/span><span style=\"font-weight: 400;\">\u10e2\u10d4\u10dc\u10d8\u10d0\u10dc\u10dd\u10d1\u10d0<\/span><span style=\"font-weight: 400;\">) (DIN EN ISO 7389 B)<\/span><\/td>\n<\/tr>\n<tr>\n<td><span style=\"font-weight: 400;\">\u10d4\u10da\u10d0\u10e1\u10e2\u10d8\u10e3\u10e0\u10dd\u10d1\u10d8\u10e1<\/span> <span style=\"font-weight: 400;\">\u10db\u10dd\u10d3\u10e3\u10da\u10d8<\/span><\/td>\n<td><span style=\"font-weight: 400;\">0.5 <\/span><span style=\"font-weight: 400;\">\u10dc<\/span><span style=\"font-weight: 400;\">\/<\/span><span style=\"font-weight: 400;\">\u10db\u10db<\/span><span style=\"font-weight: 400;\">\u00b2 (100% <\/span><span style=\"font-weight: 400;\">\u10d2\u10d0\u10ec\u10d4\u10da\u10d5\u10d0\u10d6\u10d4<\/span><span style=\"font-weight: 400;\">) (DIN EN ISO 8340)<\/span><\/td>\n<\/tr>\n<tr>\n<td><span style=\"font-weight: 400;\">\u10e8\u10dd\u10d5\u10d8\u10e1<\/span> <span style=\"font-weight: 400;\">\u10e1\u10d8\u10d2\u10d0\u10dc\u10d8\u10e1<\/span> <span style=\"font-weight: 400;\">\u10db\u10d8\u10dc\u10d8\u10db\u10e3\u10db\u10d8<\/span><span style=\"font-weight: 400;\"> \/ <\/span><span style=\"font-weight: 400;\">\u10db\u10d0\u10e5\u10e1\u10d8\u10db\u10e3\u10db\u10d8<\/span><\/td>\n<td><span style=\"font-weight: 400;\">\u10db\u10d8\u10dc<\/span><span style=\"font-weight: 400;\">. 10 <\/span><span style=\"font-weight: 400;\">\u10db\u10db<\/span><span style=\"font-weight: 400;\"> \/ <\/span><span style=\"font-weight: 400;\">\u10db\u10d0\u10e5\u10e1<\/span><span style=\"font-weight: 400;\">. 35 <\/span><span style=\"font-weight: 400;\">\u10db\u10db<\/span><\/td>\n<\/tr>\n<tr>\n<td><span style=\"font-weight: 400;\">\u10db\u10dd\u10db\u10e1\u10d0\u10ee\u10e3\u10e0\u10d4\u10d1\u10d8\u10e1<\/span> <span style=\"font-weight: 400;\">\u10e2\u10d4\u10db\u10de\u10d4\u10e0\u10d0\u10e2\u10e3\u10e0\u10d0<\/span><\/td>\n<td><span style=\"font-weight: 400;\">\u10db\u10d8\u10dc<\/span><span style=\"font-weight: 400;\">. -30\u00b0C \/ <\/span><span style=\"font-weight: 400;\">\u10db\u10d0\u10e5\u10e1<\/span><span style=\"font-weight: 400;\">. +80\u00b0C<\/span><\/td>\n<\/tr>\n<\/tbody>\n<\/table>\n<h4><b>\u10e8\u10d4\u10e4\u10e3\u10d7\u10d5\u10d0<\/b><\/h4>\n<p><span style=\"font-weight: 400;\">&#8211; 600 <\/span><span style=\"font-weight: 400;\">\u10db\u10da<\/span> <span style=\"font-weight: 400;\">\u10da\u10d0\u10db\u10d8\u10dc\u10d0\u10e2\u10e3\u10e0\u10d8<\/span> <span style=\"font-weight: 400;\">\u10d9\u10dd\u10da\u10d1\u10d0<\/span><span style=\"font-weight: 400;\"> (sausage)<\/span><\/p>\n<p>&nbsp;<\/p>\n<p><span style=\"font-weight: 400;\">\u10e8\u10d4\u10dc\u10d8\u10e8\u10d5\u10dc\u10d0<\/span><\/p>\n<p><span style=\"font-weight: 400;\">View All<\/span> <span style=\"font-weight: 400;\">\u10db\u10dd\u10dc\u10d0\u10ea\u10d4\u10db\u10d8<\/span> <span style=\"font-weight: 400;\">\u10db\u10d8\u10e6\u10d4\u10d1\u10e3\u10da\u10d8\u10d0<\/span><span style=\"font-weight: 400;\"> Tekno Yap\u0131 Kimyasallar\u0131-<\/span><span style=\"font-weight: 400;\">\u10d8\u10e1<\/span> <span style=\"font-weight: 400;\">\u10da\u10d0\u10d1\u10dd\u10e0\u10d0\u10e2\u10dd\u10e0\u10d8\u10e3\u10da\u10d8<\/span> <span style=\"font-weight: 400;\">\u10d9\u10d5\u10da\u10d4\u10d5\u10d8\u10e1<\/span> <span style=\"font-weight: 400;\">\u10e1\u10d0\u10e4\u10e3\u10eb\u10d5\u10d4\u10da\u10d6\u10d4<\/span><span style=\"font-weight: 400;\"> +20\u00b0C <\/span><span style=\"font-weight: 400;\">\u10e2\u10d4\u10db\u10de\u10d4\u10e0\u10d0\u10e2\u10e3\u10e0\u10d0\u10e1\u10d0<\/span> <span style=\"font-weight: 400;\">\u10d3\u10d0<\/span><span style=\"font-weight: 400;\"> 50% <\/span><span style=\"font-weight: 400;\">\u10e4\u10d0\u10e0\u10d3\u10dd\u10d1\u10d8\u10d7<\/span> <span style=\"font-weight: 400;\">\u10e2\u10d4\u10dc\u10d8\u10d0\u10dc\u10dd\u10d1\u10d0\u10e8\u10d8<\/span><span style=\"font-weight: 400;\">. <\/span><span style=\"font-weight: 400;\">\u10db\u10dd\u10dc\u10d0\u10ea\u10d4\u10db\u10d4\u10d1\u10d8<\/span> <span style=\"font-weight: 400;\">\u10d5\u10e0\u10ea\u10d4\u10da\u10d3\u10d4\u10d1\u10d0<\/span> <span style=\"font-weight: 400;\">\u10db\u10d0\u10e1\u10d0\u10da\u10d8\u10e1<\/span> <span style=\"font-weight: 400;\">\u10e1\u10e0\u10e3\u10da\u10d0\u10d3<\/span> <span style=\"font-weight: 400;\">\u10d2\u10d0\u10db\u10e7\u10d0\u10e0\u10d4\u10d1\u10d8\u10e1<\/span> <span style=\"font-weight: 400;\">\u10e8\u10d4\u10db\u10d3\u10d4\u10d2<\/span><span style=\"font-weight: 400;\"> (27 <\/span><span style=\"font-weight: 400;\">\u10d3\u10e6\u10d4<\/span><span style=\"font-weight: 400;\">).<\/span><\/p>\n<p><span style=\"font-weight: 400;\">\u10e0\u10d4\u10d3\u10d0\u10e5\u10ea\u10d8\u10d0<\/span><span style=\"font-weight: 400;\">: Rev: 04 \u2013 02.02.2022<\/span><span style=\"font-weight: 400;\"><br \/>\n<\/span><span style=\"font-weight: 400;\">\u10d0\u10d5\u10e2\u10dd\u10e0\u10d8<\/span><span style=\"font-weight: 400;\">: G\u00fclbahar Uyluk\u00e7uo\u011flu<\/span><\/p>","protected":false},"excerpt":{"rendered":"<p><span data-sheets-root=\"1\">\u10f0\u10d4\u10e0\u10db\u10d4\u10e2\u10d8\u10d9\u10d8 \u10de\u10dd\u10da\u10d8\u10e3\u10e0\u10d4\u10d7\u10d0\u10dc\u10d8\u10e1 \u10d1\u10d0\u10d6\u10d0\u10d6\u10d4<\/span><\/p>\n<p><strong>Packaging:<\/strong> <span style=\"font-weight: 400;\">\u00a0600 <\/span><span style=\"font-weight: 400;\">\u10db\u10da<\/span> <span style=\"font-weight: 400;\">\u10da\u10d0\u10db\u10d8\u10dc\u10d0\u10e2\u10e3\u10e0\u10d8<\/span> <span style=\"font-weight: 400;\">\u10d9\u10dd\u10da\u10d1\u10d0<\/span><span style=\"font-weight: 400;\"> (sausage)<\/span><\/p>","protected":false},"featured_media":1923,"template":"","meta":[],"product_brand":[55],"product_cat":[52,53,49],"product_tag":[],"class_list":{"0":"post-1937","1":"product","2":"type-product","3":"status-publish","4":"has-post-thumbnail","6":"product_brand-tekno","7":"product_cat-52","8":"product_cat-53","9":"product_cat-49","11":"first","12":"instock","13":"shipping-taxable","14":"purchasable","15":"product-type-simple"},"_links":{"self":[{"href":"https:\/\/newpex.org\/en\/wp-json\/wp\/v2\/product\/1937","targetHints":{"allow":["GET"]}}],"collection":[{"href":"https:\/\/newpex.org\/en\/wp-json\/wp\/v2\/product"}],"about":[{"href":"https:\/\/newpex.org\/en\/wp-json\/wp\/v2\/types\/product"}],"version-history":[{"count":3,"href":"https:\/\/newpex.org\/en\/wp-json\/wp\/v2\/product\/1937\/revisions"}],"predecessor-version":[{"id":2071,"href":"https:\/\/newpex.org\/en\/wp-json\/wp\/v2\/product\/1937\/revisions\/2071"}],"wp:featuredmedia":[{"embeddable":true,"href":"https:\/\/newpex.org\/en\/wp-json\/wp\/v2\/media\/1923"}],"wp:attachment":[{"href":"https:\/\/newpex.org\/en\/wp-json\/wp\/v2\/media?parent=1937"}],"wp:term":[{"taxonomy":"product_brand","embeddable":true,"href":"https:\/\/newpex.org\/en\/wp-json\/wp\/v2\/product_brand?post=1937"},{"taxonomy":"product_cat","embeddable":true,"href":"https:\/\/newpex.org\/en\/wp-json\/wp\/v2\/product_cat?post=1937"},{"taxonomy":"product_tag","embeddable":true,"href":"https:\/\/newpex.org\/en\/wp-json\/wp\/v2\/product_tag?post=1937"}],"curies":[{"name":"wp","href":"https:\/\/api.w.org\/{rel}","templated":true}]}}