{"id":1918,"date":"2025-11-17T07:57:47","date_gmt":"2025-11-17T07:57:47","guid":{"rendered":"https:\/\/newpex.org\/?post_type=product&#038;p=1918"},"modified":"2025-12-09T12:36:09","modified_gmt":"2025-12-09T12:36:09","slug":"teknogrout-350","status":"publish","type":"product","link":"https:\/\/newpex.org\/en\/product\/teknogrout-350\/","title":{"rendered":"TEKNOGROUT 350"},"content":{"rendered":"<div data-elementor-type=\"product-post\" data-elementor-id=\"1918\" class=\"elementor elementor-1918\" data-elementor-post-type=\"product\">\n\t\t\t\t<div class=\"elementor-element elementor-element-e47485d e-flex e-con-boxed e-con e-parent\" data-id=\"e47485d\" data-element_type=\"container\">\n\t\t\t\t\t<div class=\"e-con-inner\">\n\t\t\t\t<div class=\"elementor-element elementor-element-455de879 elementor-widget elementor-widget-text-editor\" data-id=\"455de879\" data-element_type=\"widget\" data-widget_type=\"text-editor.default\">\n\t\t\t\t<div class=\"elementor-widget-container\">\n\t\t\t\t\t\t\t\t\t<h1><strong>TEKNOGROUT 350<\/strong><\/h1><p><span style=\"font-weight: 400;\">\u10dc\u10dd\u10e0\u10db\u10d0\u10da\u10e3\u10e0\u10d0\u10d3<\/span> <span style=\"font-weight: 400;\">\u10d2\u10d0\u10db\u10e7\u10d0\u10e0\u10d4\u10d1\u10d0\u10d3\u10d8<\/span><span style=\"font-weight: 400;\">, <\/span><span style=\"font-weight: 400;\">\u10d0\u10e0\u10d0\u10d9\u10e3\u10db\u10e8\u10d5\u10d0\u10d3\u10d8<\/span> <span style=\"font-weight: 400;\">\u10d3\u10d0<\/span> <span style=\"font-weight: 400;\">\u10d0\u10d3\u10d5\u10d8\u10da\u10d0\u10d3<\/span> <span style=\"font-weight: 400;\">\u10d2\u10d0\u10db\u10dd\u10e7\u10d4\u10dc\u10d4\u10d1\u10d0\u10d3\u10d8<\/span> <span style=\"font-weight: 400;\">\u10d2\u10e0\u10d0\u10e3\u10d7\u10d8 (\u10d7\u10ee\u10d4\u10da\u10d8, \u10d3\u10d4\u10dc\u10d0\u10d3\u10d8 \u10d1\u10d4\u10e2\u10dd\u10dc\u10d8, \u10d6\u10e3\u10e1\u10e2\u10d8 \u10ea\u10d4\u10db\u10d4\u10dc\u10e2\u10d0\u10ea\u10d8\u10d8\u10e1\u10d0\u10d7\u10d5\u10d8\u10e1)<\/span><\/p><h4><b>\u10de\u10e0\u10dd\u10d3\u10e3\u10e5\u10e2\u10d8\u10e1<\/b> <b>\u10d0\u10e6\u10ec\u10d4\u10e0\u10d8\u10da\u10dd\u10d1\u10d0<\/b><\/h4><p><span style=\"font-weight: 400;\">TEKNOGROUT 350 <\/span><span style=\"font-weight: 400;\">\u10d0\u10e0\u10d8\u10e1<\/span> <span style=\"font-weight: 400;\">\u10ea\u10d4\u10db\u10d4\u10dc\u10e2\u10d6\u10d4<\/span> <span style=\"font-weight: 400;\">\u10d3\u10d0\u10e4\u10e3\u10eb\u10dc\u10d4\u10d1\u10e3\u10da\u10d8<\/span><span style=\"font-weight: 400;\">, <\/span><span style=\"font-weight: 400;\">\u10d4\u10e0\u10d7\u10d9\u10dd\u10db\u10de\u10dd\u10dc\u10d4\u10dc\u10e2\u10d8\u10d0\u10dc\u10d8<\/span><span style=\"font-weight: 400;\">, <\/span><span style=\"font-weight: 400;\">\u10d0\u10e0\u10d0\u10d9\u10e3\u10db\u10e8\u10d5\u10d0\u10d3\u10d8<\/span><span style=\"font-weight: 400;\">, <\/span><span style=\"font-weight: 400;\">\u10d7\u10d5\u10d8\u10d7\u10e1\u10ec\u10dd\u10e0\u10d4\u10d1\u10d0\u10d3\u10d8<\/span><span style=\"font-weight: 400;\">, <\/span><span style=\"font-weight: 400;\">\u10d0\u10d3\u10d5\u10d8\u10da\u10d0\u10d3<\/span> <span style=\"font-weight: 400;\">\u10d3\u10d0\u10e1\u10d0\u10e2\u10d0\u10dc\u10d8<\/span> <span style=\"font-weight: 400;\">\u10db\u10d0\u10e1\u10d0<\/span><span style=\"font-weight: 400;\">, <\/span><span style=\"font-weight: 400;\">\u10db\u10d0\u10e6\u10d0\u10da\u10d8<\/span> <span style=\"font-weight: 400;\">\u10d0\u10d3\u10f0\u10d4\u10d6\u10d8\u10d8\u10d7\u10d0<\/span> <span style=\"font-weight: 400;\">\u10d3\u10d0<\/span> <span style=\"font-weight: 400;\">\u10e1\u10d8\u10db\u10e2\u10d9\u10d8\u10ea\u10d8\u10d7<\/span><span style=\"font-weight: 400;\">.<\/span><\/p><h4><b>\u10d2\u10d0\u10db\u10dd\u10e7\u10d4\u10dc\u10d4\u10d1\u10d8\u10e1<\/b> <b>\u10d0\u10e0\u10d4\u10d0\u10da\u10d8<\/b><\/h4><p><span style=\"font-weight: 400;\">&#8211; <\/span><span style=\"font-weight: 400;\">\u10e8\u10d8\u10d3\u10d0<\/span> <span style=\"font-weight: 400;\">\u10d3\u10d0<\/span> <span style=\"font-weight: 400;\">\u10d2\u10d0\u10e0\u10d4<\/span> <span style=\"font-weight: 400;\">\u10e1\u10d0\u10db\u10e3\u10e8\u10d0\u10dd\u10d4\u10d1\u10d8<\/span><span style=\"font-weight: 400;\"><br \/><\/span><span style=\"font-weight: 400;\">&#8211; <\/span><span style=\"font-weight: 400;\">\u10da\u10d8\u10d7\u10dd\u10dc\u10d8\u10e1<\/span> <span style=\"font-weight: 400;\">\u10e1\u10d5\u10d4\u10e2\u10d4\u10d1\u10d8\u10e1\u10d0<\/span> <span style=\"font-weight: 400;\">\u10d3\u10d0<\/span> <span style=\"font-weight: 400;\">\u10d1\u10dd\u10eb\u10d4\u10d1\u10d8\u10e1<\/span> <span style=\"font-weight: 400;\">\u10d3\u10d0\u10e4\u10d8\u10e5\u10e1\u10d8\u10e0\u10d4\u10d1\u10d0<\/span><span style=\"font-weight: 400;\"><br \/><\/span><span style=\"font-weight: 400;\">&#8211; <\/span><span style=\"font-weight: 400;\">View All<\/span> <span style=\"font-weight: 400;\">\u10e2\u10d8\u10de\u10d8\u10e1<\/span> <span style=\"font-weight: 400;\">\u10d8\u10dc\u10d3\u10e3\u10e1\u10e2\u10e0\u10d8\u10e3\u10da\u10d8<\/span> <span style=\"font-weight: 400;\">\u10e1\u10d0\u10e4\u10d0\u10e0\u10d8\u10e1<\/span> <span style=\"font-weight: 400;\">\u10e5\u10d5\u10d4\u10e8<\/span><span style=\"font-weight: 400;\"><br \/><\/span><span style=\"font-weight: 400;\">&#8211; <\/span><span style=\"font-weight: 400;\">\u10e1\u10d0\u10d8\u10dc\u10df\u10d8\u10dc\u10e0\u10dd<\/span> <span style=\"font-weight: 400;\">\u10dc\u10d0\u10d2\u10d4\u10d1\u10dd\u10d1\u10d4\u10d1\u10d8<\/span><span style=\"font-weight: 400;\">: <\/span><span style=\"font-weight: 400;\">\u10db\u10d4\u10e2\u10e0\u10dd\u10d4\u10d1\u10d8<\/span><span style=\"font-weight: 400;\">, <\/span><span style=\"font-weight: 400;\">\u10d2\u10d6\u10d0\u10e2\u10d9\u10d4\u10ea\u10d8\u10da\u10d4\u10d1\u10d8<\/span><span style=\"font-weight: 400;\">, <\/span><span style=\"font-weight: 400;\">\u10d9\u10d0\u10e8\u10ee\u10da\u10d4\u10d1\u10d8<\/span><span style=\"font-weight: 400;\"><br \/><\/span><span style=\"font-weight: 400;\">&#8211; <\/span><span style=\"font-weight: 400;\">\u10e0\u10d9\u10d8\u10dc\u10d0\u10d1\u10d4\u10e2\u10dd\u10dc\u10d8\u10e1<\/span> <span style=\"font-weight: 400;\">\u10d9\u10dd\u10dc\u10e1\u10e2\u10e0\u10e3\u10e5\u10ea\u10d8\u10d4\u10d1\u10d8\u10e1<\/span> <span style=\"font-weight: 400;\">\u10d2\u10d0\u10db\u10d0\u10d2\u10e0\u10d4\u10d1\u10d0<\/span><span style=\"font-weight: 400;\"><br \/><\/span><span style=\"font-weight: 400;\">&#8211; <\/span><span style=\"font-weight: 400;\">\u10de\u10e0\u10d4\u10e4\u10d0\u10d1\u10e0\u10d8\u10d9\u10d0\u10e2\u10e3\u10da\u10d8<\/span> <span style=\"font-weight: 400;\">\u10d4\u10da\u10d4\u10db\u10d4\u10dc\u10e2\u10d4\u10d1\u10d8\u10e1<\/span> <span style=\"font-weight: 400;\">\u10e8\u10d4\u10d4\u10e0\u10d7\u10d4\u10d1\u10d0<\/span><\/p><h4><b>\u10db\u10d0\u10ee\u10d0\u10e1\u10d8\u10d0\u10d7\u10d4\u10d1\u10da\u10d4\u10d1\u10d8<\/b> <b>\u10d3\u10d0<\/b> <b>\u10e3\u10de\u10d8\u10e0\u10d0\u10e2\u10d4\u10e1\u10dd\u10d1\u10d4\u10d1\u10d8<\/b><\/h4><p><span style=\"font-weight: 400;\">&#8211; <\/span><span style=\"font-weight: 400;\">\u10db\u10d0\u10e0\u10e2\u10d8\u10d5\u10d8<\/span> <span style=\"font-weight: 400;\">\u10d2\u10d0\u10db\u10dd\u10e1\u10d0\u10e7\u10d4\u10dc\u10d4\u10d1\u10d4\u10da\u10d8\u10d0<\/span><span style=\"font-weight: 400;\"> \u2014 <\/span><span style=\"font-weight: 400;\">\u10e1\u10d0\u10ed\u10d8\u10e0\u10dd\u10d4\u10d1\u10e1<\/span> <span style=\"font-weight: 400;\">\u10db\u10ee\u10dd\u10da\u10dd\u10d3<\/span> <span style=\"font-weight: 400;\">\u10ec\u10e7\u10da\u10d8\u10e1<\/span> <span style=\"font-weight: 400;\">\u10d3\u10d0\u10db\u10d0\u10e2\u10d4\u10d1\u10d0\u10e1<\/span><span style=\"font-weight: 400;\"><br \/><\/span><span style=\"font-weight: 400;\">&#8211; <\/span><span style=\"font-weight: 400;\">\u10d0\u10e0<\/span> <span style=\"font-weight: 400;\">\u10d8\u10e8\u10e0\u10d4\u10d1\u10d0<\/span><span style=\"font-weight: 400;\">, <\/span><span style=\"font-weight: 400;\">\u10d0\u10e9\u10d5\u10d4\u10dc\u10d4\u10d1\u10e1<\/span> <span style=\"font-weight: 400;\">\u10db\u10d0\u10e6\u10d0\u10da<\/span> <span style=\"font-weight: 400;\">\u10d7\u10ee\u10d4\u10d5\u10d0\u10d3\u10dd\u10d1\u10d0\u10e1<\/span><span style=\"font-weight: 400;\"><br \/><\/span><span style=\"font-weight: 400;\">&#8211; <\/span><span style=\"font-weight: 400;\">\u10d0\u10e0<\/span> <span style=\"font-weight: 400;\">\u10d2\u10d0\u10db\u10dd\u10e7\u10dd\u10e4\u10e1<\/span> <span style=\"font-weight: 400;\">\u10ec\u10e7\u10d0\u10da\u10e1<\/span> <span style=\"font-weight: 400;\">\u10d0\u10dc<\/span> <span style=\"font-weight: 400;\">\u10d0\u10e0<\/span> <span style=\"font-weight: 400;\">\u10d8\u10e8\u10da\u10d4\u10d1\u10d0<\/span><span style=\"font-weight: 400;\"><br \/><\/span><span style=\"font-weight: 400;\">&#8211; <\/span><span style=\"font-weight: 400;\">\u10e8\u10d4\u10d8\u10eb\u10da\u10d4\u10d1\u10d0<\/span> <span style=\"font-weight: 400;\">\u10d3\u10d0\u10e2\u10d0\u10dc\u10d0<\/span> <span style=\"font-weight: 400;\">\u10e2\u10e3\u10db\u10d1\u10d5\u10d8\u10d7<\/span> <span style=\"font-weight: 400;\">\u10d0\u10dc<\/span> <span style=\"font-weight: 400;\">\u10e9\u10d0\u10e1\u10ee\u10db\u10d8\u10d7<\/span><span style=\"font-weight: 400;\"><br \/><\/span><span style=\"font-weight: 400;\">&#8211; <\/span><span style=\"font-weight: 400;\">\u10d0\u10e0<\/span> <span style=\"font-weight: 400;\">\u10e8\u10d4\u10d8\u10ea\u10d0\u10d5\u10e1<\/span> <span style=\"font-weight: 400;\">\u10d2\u10d0\u10db\u10ee\u10e1\u10dc\u10d4\u10da\u10d4\u10d1\u10e1<\/span> <span style=\"font-weight: 400;\">\u10d0\u10dc<\/span> <span style=\"font-weight: 400;\">\u10d0\u10e1\u10d1\u10d4\u10e1\u10e2\u10e1<\/span><span style=\"font-weight: 400;\"><br \/><\/span><span style=\"font-weight: 400;\">&#8211; <\/span><span style=\"font-weight: 400;\">\u10db\u10d3\u10d2\u10e0\u10d0\u10d3\u10d8\u10d0<\/span> <span style=\"font-weight: 400;\">\u10d2\u10d0\u10e7\u10d8\u10dc\u10d5\u10d8\u10e1\u10d0<\/span> <span style=\"font-weight: 400;\">\u10d3\u10d0<\/span> <span style=\"font-weight: 400;\">\u10d2\u10d0\u10da\u10e6\u10dd\u10d1\u10d8\u10e1<\/span> <span style=\"font-weight: 400;\">\u10db\u10d8\u10db\u10d0\u10e0\u10d7<\/span><span style=\"font-weight: 400;\"><br \/><\/span><span style=\"font-weight: 400;\">&#8211; <\/span><span style=\"font-weight: 400;\">\u10e4\u10d4\u10dc\u10d8\u10e1<\/span> <span style=\"font-weight: 400;\">\u10e1\u10d8\u10e1\u10e5\u10d4<\/span> <span style=\"font-weight: 400;\">\u10d4\u10e0\u10d7\u10d3\u10e0\u10dd\u10e3\u10da\u10d0\u10d3<\/span><span style=\"font-weight: 400;\">: 10\u201375 <\/span><span style=\"font-weight: 400;\">\u10db\u10db<\/span><span style=\"font-weight: 400;\"><br \/><\/span><span style=\"font-weight: 400;\">&#8211; <\/span><span style=\"font-weight: 400;\">\u10d0\u10e5\u10d5\u10e1<\/span> <span style=\"font-weight: 400;\">\u10eb\u10da\u10d8\u10d4\u10e0\u10d8<\/span> <span style=\"font-weight: 400;\">\u10d0\u10d3\u10f0\u10d4\u10d6\u10d8\u10d0<\/span> <span style=\"font-weight: 400;\">\u10d1\u10d4\u10e2\u10dd\u10dc\u10d6\u10d4<\/span><span style=\"font-weight: 400;\"><br \/><\/span><span style=\"font-weight: 400;\">&#8211; <\/span><span style=\"font-weight: 400;\">\u10d0\u10e0<\/span> <span style=\"font-weight: 400;\">\u10e8\u10d4\u10d8\u10ea\u10d0\u10d5\u10e1<\/span> <span style=\"font-weight: 400;\">\u10e5\u10da\u10dd\u10e0\u10e1<\/span><\/p><h4><b>\u10d3\u10d0\u10e2\u10d0\u10dc\u10d8\u10e1<\/b> <b>\u10d8\u10dc\u10e1\u10e2\u10e0\u10e3\u10e5\u10ea\u10d8\u10d0<\/b><\/h4><p><span style=\"font-weight: 400;\">\u10d6\u10d4\u10d3\u10d0\u10de\u10d8\u10e0\u10d8\u10e1<\/span> <span style=\"font-weight: 400;\">\u10ee\u10d0\u10e0\u10d8\u10e1\u10ee\u10d8<\/span><span style=\"font-weight: 400;\">:<\/span><span style=\"font-weight: 400;\"><br \/><\/span><span style=\"font-weight: 400;\">\u10d6\u10d4\u10d3\u10d0\u10de\u10d8\u10e0\u10d8<\/span> <span style=\"font-weight: 400;\">\u10e3\u10dc\u10d3\u10d0<\/span> <span style=\"font-weight: 400;\">\u10d8\u10e7\u10dd\u10e1<\/span> <span style=\"font-weight: 400;\">\u10e1\u10e3\u10e4\u10d7\u10d0<\/span><span style=\"font-weight: 400;\">, <\/span><span style=\"font-weight: 400;\">\u10db\u10e7\u10d0\u10e0\u10d8<\/span> <span style=\"font-weight: 400;\">\u10d3\u10d0<\/span> <span style=\"font-weight: 400;\">\u10db\u10e2\u10d5\u10e0\u10d8\u10e1\u10d2\u10d0\u10dc<\/span><span style=\"font-weight: 400;\">, <\/span><span style=\"font-weight: 400;\">\u10d6\u10d4\u10d7\u10d8\u10e1\u10d2\u10d0\u10dc<\/span><span style=\"font-weight: 400;\">, <\/span><span style=\"font-weight: 400;\">\u10df\u10d0\u10dc\u10d2\u10d8\u10e1\u10d2\u10d0\u10dc<\/span> <span style=\"font-weight: 400;\">\u10d7\u10d0\u10d5\u10d8\u10e1\u10e3\u10e4\u10d0\u10da\u10d8<\/span><span style=\"font-weight: 400;\">. <\/span><span style=\"font-weight: 400;\">\u10db\u10d8\u10dc<\/span><span style=\"font-weight: 400;\">. <\/span><span style=\"font-weight: 400;\">\u10d3\u10d0\u10ed\u10d4\u10e0\u10d8\u10e1<\/span> <span style=\"font-weight: 400;\">\u10e1\u10d8\u10db\u10e2\u10d9\u10d8\u10ea\u10d4<\/span><span style=\"font-weight: 400;\"> 1 MPa.<\/span><\/p><p><span style=\"font-weight: 400;\">\u10e8\u10d4\u10e0\u10d4\u10d5\u10d0<\/span><span style=\"font-weight: 400;\">:<\/span><span style=\"font-weight: 400;\"><br \/><\/span><span style=\"font-weight: 400;\">25 <\/span><span style=\"font-weight: 400;\">\u10d9\u10d2<\/span> <span style=\"font-weight: 400;\">\u10e4\u10ee\u10d5\u10dc\u10d8\u10da\u10d8<\/span> <span style=\"font-weight: 400;\">\u10d8\u10ee\u10e1\u10dc\u10d4\u10d1\u10d0<\/span><span style=\"font-weight: 400;\"> 3,0\u20134,0 <\/span><span style=\"font-weight: 400;\">\u10da\u10d8\u10e2\u10e0<\/span> <span style=\"font-weight: 400;\">\u10ec\u10e7\u10d0\u10da\u10e8\u10d8<\/span><span style=\"font-weight: 400;\">. <\/span><span style=\"font-weight: 400;\">\u10d3\u10d0\u10d1\u10d0\u10da\u10e1\u10d8\u10e9\u10e5\u10d0\u10e0\u10d8\u10d0\u10dc\u10d8<\/span> <span style=\"font-weight: 400;\">\u10db\u10d8\u10e5\u10e1\u10d4\u10e0\u10d8\u10d7<\/span> <span style=\"font-weight: 400;\">\u10e3\u10e0\u10d4\u10d5\u10d7<\/span><span style=\"font-weight: 400;\"> 3 <\/span><span style=\"font-weight: 400;\">\u10ec\u10e3\u10d7\u10d8<\/span><span style=\"font-weight: 400;\">, <\/span><span style=\"font-weight: 400;\">\u10e8\u10d4\u10db\u10d3\u10d4\u10d2<\/span><span style=\"font-weight: 400;\"> 2 <\/span><span style=\"font-weight: 400;\">\u10ec\u10e3\u10d7\u10d8<\/span> <span style=\"font-weight: 400;\">\u10d3\u10d0\u10e1\u10d5\u10d4\u10dc\u10d4\u10d1\u10d0<\/span> <span style=\"font-weight: 400;\">\u10d3\u10d0<\/span> <span style=\"font-weight: 400;\">\u10d9\u10d5\u10da\u10d0\u10d5<\/span> <span style=\"font-weight: 400;\">2 <\/span><span style=\"font-weight: 400;\">\u00a0<\/span><span style=\"font-weight: 400;\">\u10ec\u10e3\u10d7\u10d8<\/span> <span style=\"font-weight: 400;\">\u10e8\u10d4\u10e0\u10d4\u10d5\u10d0<\/span><span style=\"font-weight: 400;\">.<\/span><\/p><p><span style=\"font-weight: 400;\">\u10d3\u10d0\u10e2\u10d0\u10dc\u10d0<\/span><span style=\"font-weight: 400;\">:<\/span><span style=\"font-weight: 400;\"><br \/><\/span><span style=\"font-weight: 400;\">\u10dc\u10d0\u10e0\u10d4\u10d5\u10d8<\/span> <span style=\"font-weight: 400;\">\u10e3\u10dc\u10d3\u10d0<\/span> <span style=\"font-weight: 400;\">\u10e9\u10d0\u10d8\u10e6\u10d5\u10d0\u10e0\u10dd\u10e1<\/span> <span style=\"font-weight: 400;\">\u10d4\u10e0\u10d7\u10d3\u10e0\u10dd\u10e3\u10da\u10d0\u10d3<\/span> <span style=\"font-weight: 400;\">\u10d4\u10e0\u10d7\u10d8<\/span> <span style=\"font-weight: 400;\">\u10db\u10ee\u10e0\u10d8\u10d3\u10d0\u10dc<\/span><span style=\"font-weight: 400;\">, <\/span><span style=\"font-weight: 400;\">\u10e0\u10d0\u10d7\u10d0<\/span> <span style=\"font-weight: 400;\">\u10d7\u10d0\u10d5\u10d8\u10d3\u10d0\u10dc<\/span> <span style=\"font-weight: 400;\">\u10d0\u10d5\u10d8\u10ea\u10d8\u10da\u10dd\u10d7<\/span> <span style=\"font-weight: 400;\">\u10f0\u10d0\u10d4\u10e0\u10d8\u10e1<\/span> <span style=\"font-weight: 400;\">\u10e9\u10d0\u10ed\u10d4\u10e0\u10d0<\/span><span style=\"font-weight: 400;\">. <\/span><span style=\"font-weight: 400;\">\u10e4\u10d4\u10dc\u10d8\u10e1<\/span> <span style=\"font-weight: 400;\">\u10e1\u10d8\u10e1\u10e5\u10d4<\/span><span style=\"font-weight: 400;\">: 10\u201375 <\/span><span style=\"font-weight: 400;\">\u10db\u10db<\/span><span style=\"font-weight: 400;\">.<\/span><\/p><h4><b>\u10e8\u10d4\u10dc\u10d8\u10e8\u10d5\u10dc\u10d4\u10d1\u10d8<\/b><b> \/ <\/b><b>\u10e8\u10d4\u10d6\u10e6\u10e3\u10d3\u10d5\u10d4\u10d1\u10d8<\/b><\/h4><p><span style=\"font-weight: 400;\">&#8211; <\/span><span style=\"font-weight: 400;\">\u10d0\u10e0<\/span> <span style=\"font-weight: 400;\">\u10d2\u10d0\u10db\u10dd\u10d8\u10e7\u10d4\u10dc\u10dd\u10d7<\/span> <span style=\"font-weight: 400;\">\u10d5\u10d8\u10d1\u10e0\u10d0\u10e2\u10dd\u10e0\u10d8<\/span><span style=\"font-weight: 400;\"><br \/><\/span><span style=\"font-weight: 400;\">&#8211; <\/span><span style=\"font-weight: 400;\">\u10d0\u10e0<\/span> <span style=\"font-weight: 400;\">\u10d2\u10d0\u10db\u10dd\u10d8\u10e7\u10d4\u10dc\u10dd\u10d7<\/span> <span style=\"font-weight: 400;\">\u10db\u10ea\u10d8\u10e0\u10d4<\/span> <span style=\"font-weight: 400;\">\u10e8\u10d4\u10d9\u10d4\u10d7\u10d4\u10d1\u10d4\u10d1\u10d8\u10e1\u10d7\u10d5\u10d8\u10e1<\/span> <span style=\"font-weight: 400;\">\u10d0\u10dc<\/span> <span style=\"font-weight: 400;\">\u10e7\u10d8\u10dc\u10d5\u10d8\u10e1<\/span> <span style=\"font-weight: 400;\">\u10de\u10d8\u10e0\u10dd\u10d1\u10d4\u10d1\u10e8\u10d8<\/span><span style=\"font-weight: 400;\"><br \/><\/span><span style=\"font-weight: 400;\">&#8211; <\/span><span style=\"font-weight: 400;\">\u10d8\u10dc\u10e1\u10e2\u10e0\u10e3\u10db\u10d4\u10dc\u10e2\u10d4\u10d1\u10d8<\/span> <span style=\"font-weight: 400;\">\u10d2\u10d0\u10d8\u10ec\u10db\u10d8\u10dc\u10d3\u10dd\u10e1<\/span> <span style=\"font-weight: 400;\">\u10d3\u10d0\u10e3\u10e7\u10dd\u10d5\u10dc\u10d4\u10d1\u10da\u10d8\u10d5<\/span> <span style=\"font-weight: 400;\">\u10ec\u10e7\u10da\u10d8\u10d7<\/span><\/p><h4><b>\u10e2\u10d4\u10e5\u10dc\u10d8\u10d9\u10e3\u10e0\u10d8<\/b> <b>\u10db\u10dd\u10dc\u10d0\u10ea\u10d4\u10db\u10d4\u10d1\u10d8<\/b><\/h4><p><span style=\"font-weight: 400;\">\u10e4\u10d4\u10e0\u10d8<\/span><span style=\"font-weight: 400;\">: <\/span><span style=\"font-weight: 400;\">\u10e0\u10e3\u10ee\u10d8<\/span><span style=\"font-weight: 400;\"><br \/><\/span><span style=\"font-weight: 400;\">\u10e8\u10d4\u10dc\u10d0\u10ee\u10d5\u10d8\u10e1<\/span> <span style=\"font-weight: 400;\">\u10d5\u10d0\u10d3\u10d0<\/span><span style=\"font-weight: 400;\">: 12 <\/span><span style=\"font-weight: 400;\">\u10d7\u10d5\u10d4<\/span><span style=\"font-weight: 400;\"> (<\/span><span style=\"font-weight: 400;\">\u10d3\u10d0\u10ee\u10e3\u10e0\u10e3\u10da<\/span> <span style=\"font-weight: 400;\">\u10e8\u10d4\u10e4\u10e3\u10d7\u10d5\u10d0\u10e8\u10d8<\/span><span style=\"font-weight: 400;\">)<\/span><span style=\"font-weight: 400;\"><br \/><\/span><span style=\"font-weight: 400;\">\u10e8\u10d4\u10e4\u10e3\u10d7\u10d5\u10d0<\/span><span style=\"font-weight: 400;\">: 25 <\/span><span style=\"font-weight: 400;\">\u10d9\u10d2<\/span><span style=\"font-weight: 400;\"> Kraft <\/span><span style=\"font-weight: 400;\">\u10e2\u10dd\u10db\u10d0\u10e0\u10d0<\/span><span style=\"font-weight: 400;\"><br \/><\/span><span style=\"font-weight: 400;\">Dmax: 3 <\/span><span style=\"font-weight: 400;\">\u10db\u10db<\/span><span style=\"font-weight: 400;\"><br \/><\/span><span style=\"font-weight: 400;\">\u10d2\u10d0\u10db\u10dd\u10e7\u10d4\u10dc\u10d4\u10d1\u10d8\u10e1<\/span> <span style=\"font-weight: 400;\">\u10e2\u10d4\u10db\u10de\u10d4\u10e0\u10d0\u10e2\u10e3\u10e0\u10d0<\/span><span style=\"font-weight: 400;\">: +5\u00b0C \u2014 +35\u00b0C<\/span><span style=\"font-weight: 400;\"><br \/><\/span><span style=\"font-weight: 400;\">\u10ec\u10e7\u10da\u10d8\u10e1<\/span> <span style=\"font-weight: 400;\">\u10e8\u10d4\u10e4\u10d0\u10e0\u10d3\u10d4\u10d1\u10d0<\/span><span style=\"font-weight: 400;\">: 3,0\u20134,0 <\/span><span style=\"font-weight: 400;\">\u10da<\/span><span style=\"font-weight: 400;\"> \/ 25 <\/span><span style=\"font-weight: 400;\">\u10d9\u10d2<\/span> <span style=\"font-weight: 400;\">\u10e4\u10ee\u10d5\u10dc\u10d8\u10da\u10d8<\/span><span style=\"font-weight: 400;\"><br \/><\/span><span style=\"font-weight: 400;\">\u10d3\u10d0\u10db\u10e3\u10e8\u10d0\u10d5\u10d4\u10d1\u10d8\u10e1<\/span> <span style=\"font-weight: 400;\">\u10d3\u10e0\u10dd<\/span><span style=\"font-weight: 400;\">: <\/span><span style=\"font-weight: 400;\">\u10db\u10d8\u10dc<\/span><span style=\"font-weight: 400;\">. 20 <\/span><span style=\"font-weight: 400;\">\u10ec\u10d7<\/span><span style=\"font-weight: 400;\"><br \/><\/span><span style=\"font-weight: 400;\">\u10dc\u10d0\u10e0\u10d4\u10d5\u10d8\u10e1<\/span> <span style=\"font-weight: 400;\">\u10e1\u10d8\u10db\u10d9\u10d5\u10e0\u10d8\u10d5\u10d4<\/span><span style=\"font-weight: 400;\">: 2,3 \u00b1 0,1 <\/span><span style=\"font-weight: 400;\">\u10d9\u10d2<\/span><span style=\"font-weight: 400;\">\/<\/span><span style=\"font-weight: 400;\">\u10da<\/span><span style=\"font-weight: 400;\"><br \/><\/span><span style=\"font-weight: 400;\">\u10d3\u10d0\u10e2\u10d5\u10d8\u10e0\u10d7\u10d5\u10d8\u10e1<\/span> <span style=\"font-weight: 400;\">\u10d3\u10e0\u10dd<\/span><span style=\"font-weight: 400;\">: ~24 <\/span><span style=\"font-weight: 400;\">\u10e1\u10d7<\/span><span style=\"font-weight: 400;\"><br \/><\/span><span style=\"font-weight: 400;\">\u10e4\u10d4\u10dc\u10d8\u10e1<\/span> <span style=\"font-weight: 400;\">\u10e1\u10d8\u10e1\u10e5\u10d4<\/span><span style=\"font-weight: 400;\">: <\/span><span style=\"font-weight: 400;\">\u10db\u10d8\u10dc<\/span><span style=\"font-weight: 400;\">. 10 <\/span><span style=\"font-weight: 400;\">\u10db\u10db<\/span><span style=\"font-weight: 400;\"> \/ <\/span><span style=\"font-weight: 400;\">\u10db\u10d0\u10e5\u10e1<\/span><span style=\"font-weight: 400;\">. 75 <\/span><span style=\"font-weight: 400;\">\u10db\u10db<\/span><span style=\"font-weight: 400;\"><br \/><\/span><span style=\"font-weight: 400;\">\u10db\u10dd\u10e6\u10e3\u10dc\u10d5\u10d8\u10e1<\/span> <span style=\"font-weight: 400;\">\u10e1\u10d8\u10db\u10e2\u10d9\u10d8\u10ea\u10d4<\/span><span style=\"font-weight: 400;\"> (28 <\/span><span style=\"font-weight: 400;\">\u10d3\u10e6\u10d4<\/span><span style=\"font-weight: 400;\">): \u2265 9.0 N\/<\/span><span style=\"font-weight: 400;\">\u10db\u10db<\/span><span style=\"font-weight: 400;\">\u00b2<\/span><span style=\"font-weight: 400;\"><br \/><\/span><span style=\"font-weight: 400;\">\u10e8\u10d4\u10d9\u10e3\u10db\u10e8\u10d5\u10d8\u10e1<\/span> <span style=\"font-weight: 400;\">\u10e1\u10d8\u10db\u10e2\u10d9\u10d8\u10ea\u10d4<\/span><span style=\"font-weight: 400;\"> (28 <\/span><span style=\"font-weight: 400;\">\u10d3\u10e6\u10d4<\/span><span style=\"font-weight: 400;\">): \u2265 60.0 N\/<\/span><span style=\"font-weight: 400;\">\u10db\u10db<\/span><span style=\"font-weight: 400;\">\u00b2<\/span><span style=\"font-weight: 400;\"><br \/><\/span><span style=\"font-weight: 400;\">\u10d0\u10d3\u10f0\u10d4\u10d6\u10d8\u10d8\u10e1<\/span> <span style=\"font-weight: 400;\">\u10e1\u10d8\u10db\u10e2\u10d9\u10d8\u10ea\u10d4<\/span><span style=\"font-weight: 400;\"> (28 <\/span><span style=\"font-weight: 400;\">\u10d3\u10e6\u10d4<\/span><span style=\"font-weight: 400;\">): \u2265 2.0 N\/<\/span><span style=\"font-weight: 400;\">\u10db\u10db<\/span><span style=\"font-weight: 400;\">\u00b2<\/span><span style=\"font-weight: 400;\"><br \/><\/span><span style=\"font-weight: 400;\">\u10d9\u10d0\u10de\u10d8\u10da\u10d0\u10e0\u10e3\u10da\u10d8<\/span> <span style=\"font-weight: 400;\">\u10e8\u10d7\u10d0\u10dc\u10d7\u10e5\u10db\u10d0<\/span><span style=\"font-weight: 400;\">: \u2264 0.5 <\/span><span style=\"font-weight: 400;\">\u10d9\u10d2<\/span><span style=\"font-weight: 400;\">\/(<\/span><span style=\"font-weight: 400;\">\u10db<\/span><span style=\"font-weight: 400;\">\u00b2\u00b7<\/span><span style=\"font-weight: 400;\">\u10e1\u10d7<\/span><span style=\"font-weight: 400;\">\u2070\u2024\u2075)<\/span><\/p><p><span style=\"font-weight: 400;\">\u10e0\u10d4\u10d3\u10d0\u10e5\u10ea\u10d8\u10d0<\/span><span style=\"font-weight: 400;\">: Rev: 04 \u2014 18.01.2022<\/span><span style=\"font-weight: 400;\"><br \/><\/span><span style=\"font-weight: 400;\">\u10d0\u10d5\u10e2\u10dd\u10e0\u10d8<\/span><span style=\"font-weight: 400;\">: G\u00fclbahar Uyluk\u00e7uo\u011flu<\/span><\/p>\t\t\t\t\t\t\t\t<\/div>\n\t\t\t\t<\/div>\n\t\t\t\t\t<\/div>\n\t\t\t\t<\/div>\n\t\t\t\t<\/div>","protected":false},"excerpt":{"rendered":"<p><span data-sheets-root=\"1\">\u10e1\u10d0\u10e8\u10e3\u10d0\u10da\u10dd \u10e8\u10e0\u10dd\u10d1\u10d8\u10e1 \u10d3\u10d4\u10dc\u10d0\u10d3\u10d8 \u10d1\u10d4\u10e2\u10dd\u10dc\u10d8 \u10d6\u10e3\u10e1\u10e2\u10d8 \u10ea\u10d4\u10db\u10d4\u10dc\u10e2\u10d0\u10ea\u10d8\u10d8\u10e1\u10d0\u10d7\u10d5\u10d8\u10e1<\/span><\/p>\n<p><strong>Packaging: <\/strong>25 kg \u10db\u10e3\u10e7\u10d0\u10dd\u10e1 \u10e2\u10dd\u10db\u10d0\u10e0\u10d0<\/p>","protected":false},"featured_media":1924,"template":"","meta":[],"product_brand":[55],"product_cat":[52,53,49,48],"product_tag":[],"class_list":{"0":"post-1918","1":"product","2":"type-product","3":"status-publish","4":"has-post-thumbnail","6":"product_brand-tekno","7":"product_cat-52","8":"product_cat-53","9":"product_cat-49","10":"product_cat-48","12":"first","13":"instock","14":"shipping-taxable","15":"purchasable","16":"product-type-simple"},"_links":{"self":[{"href":"https:\/\/newpex.org\/en\/wp-json\/wp\/v2\/product\/1918","targetHints":{"allow":["GET"]}}],"collection":[{"href":"https:\/\/newpex.org\/en\/wp-json\/wp\/v2\/product"}],"about":[{"href":"https:\/\/newpex.org\/en\/wp-json\/wp\/v2\/types\/product"}],"version-history":[{"count":7,"href":"https:\/\/newpex.org\/en\/wp-json\/wp\/v2\/product\/1918\/revisions"}],"predecessor-version":[{"id":2039,"href":"https:\/\/newpex.org\/en\/wp-json\/wp\/v2\/product\/1918\/revisions\/2039"}],"wp:featuredmedia":[{"embeddable":true,"href":"https:\/\/newpex.org\/en\/wp-json\/wp\/v2\/media\/1924"}],"wp:attachment":[{"href":"https:\/\/newpex.org\/en\/wp-json\/wp\/v2\/media?parent=1918"}],"wp:term":[{"taxonomy":"product_brand","embeddable":true,"href":"https:\/\/newpex.org\/en\/wp-json\/wp\/v2\/product_brand?post=1918"},{"taxonomy":"product_cat","embeddable":true,"href":"https:\/\/newpex.org\/en\/wp-json\/wp\/v2\/product_cat?post=1918"},{"taxonomy":"product_tag","embeddable":true,"href":"https:\/\/newpex.org\/en\/wp-json\/wp\/v2\/product_tag?post=1918"}],"curies":[{"name":"wp","href":"https:\/\/api.w.org\/{rel}","templated":true}]}}